{"id":1031,"date":"2025-08-25T12:27:56","date_gmt":"2025-08-25T12:27:56","guid":{"rendered":"https:\/\/lucyanasposito.com\/sobre\/"},"modified":"2025-11-07T12:18:22","modified_gmt":"2025-11-07T12:18:22","slug":"sobre","status":"publish","type":"page","link":"https:\/\/lucyanasposito.com\/pt-pt\/sobre\/","title":{"rendered":"Sobre"},"content":{"rendered":"\t\t<div data-elementor-type=\"wp-page\" data-elementor-id=\"1031\" class=\"elementor elementor-1031 elementor-169\" data-elementor-post-type=\"page\">\n\t\t\t\t<div class=\"elementor-element elementor-element-8da4fc2 e-con-full e-flex e-con e-parent\" data-id=\"8da4fc2\" data-element_type=\"container\">\n\t\t<div class=\"elementor-element elementor-element-2eac89b e-con-full e-flex e-con e-child\" data-id=\"2eac89b\" data-element_type=\"container\">\n\t\t<div class=\"elementor-element elementor-element-7037538 e-con-full e-flex e-con e-child\" data-id=\"7037538\" data-element_type=\"container\">\n\t\t<div class=\"elementor-element elementor-element-99510a7 e-con-full e-flex e-con e-child\" data-id=\"99510a7\" data-element_type=\"container\">\n\t\t\t\t<div class=\"elementor-element elementor-element-0308ef6 elementor-widget elementor-widget-heading\" data-id=\"0308ef6\" data-element_type=\"widget\" data-widget_type=\"heading.default\">\n\t\t\t\t\t<p class=\"elementor-heading-title elementor-size-default\">Planner apaixonada.<br> Maestrina de momentos irrepreens\u00edveis.<\/p>\t\t\t\t<\/div>\n\t\t\t\t<div class=\"elementor-element elementor-element-d030a09 elementor-widget elementor-widget-heading\" data-id=\"d030a09\" data-element_type=\"widget\" data-widget_type=\"heading.default\">\n\t\t\t\t\t<h2 class=\"elementor-heading-title elementor-size-default\">Lucyana Sposito<\/h2>\t\t\t\t<\/div>\n\t\t\t\t<\/div>\n\t\t<div class=\"elementor-element elementor-element-91ec4f3 e-con-full e-flex e-con e-child\" data-id=\"91ec4f3\" data-element_type=\"container\">\n\t\t\t\t<div class=\"elementor-element elementor-element-cf07075 elementor-widget elementor-widget-text-editor\" data-id=\"cf07075\" data-element_type=\"widget\" data-widget_type=\"text-editor.default\">\n\t\t\t\t\t\t\t\t\t<p>Uma sinfonia \u00e9 composta por v\u00e1rios elementos excepcionais: pessoas, instrumentos e uma melodia. Mas o que os conduz a um lugar de perfei\u00e7\u00e3o sonora e invis\u00edvel \u00e9 o maestro. N\u00e3o sabemos o que est\u00e1 a acontecer, mas sabemos o que estamos a sentir.  <\/p><p><span class=\"txt-bold\">Lucyana Sposito \u00e9 a grande maestrina do planeamento de casamentos e eventos.<\/span><\/p>\t\t\t\t\t\t\t\t<\/div>\n\t\t\t\t<div class=\"elementor-element elementor-element-22557b1 elementor-widget elementor-widget-text-editor\" data-id=\"22557b1\" data-element_type=\"widget\" data-widget_type=\"text-editor.default\">\n\t\t\t\t\t\t\t\t\t<p class=\"p1\">Com larga experi\u00eancia na cria\u00e7\u00e3o de eventos elegantes para clientes sofisticados e muito exigentes, Lucyana \u00e9 uma for\u00e7a tranquila e determinada que lidera com paix\u00e3o, precis\u00e3o e sensibilidade.<\/p><p class=\"p1\">A sua abordagem \u00e9 clara: ouvir, interpretar e materializar. Sempre com alma, sempre com inten\u00e7\u00e3o, proporcionando experi\u00eancias imersivas e transformadoras, onde os noivos se sentem vistos, compreendidos e cuidados. <\/p><p class=\"p1\">Com uma carreira marcada pela consist\u00eancia e ousadia, tem a capacidade rara de conjugar presen\u00e7a, empatia e dom\u00ednio t\u00e9cnico, sempre com uma gargalhada f\u00e1cil e presen\u00e7a serena.<\/p><p><span class=\"txt-bold\">Lucyana Sposito \u00e9 estratega, criadora e guardi\u00e3 de experi\u00eancias memor\u00e1veis.<\/span><\/p>\t\t\t\t\t\t\t\t<\/div>\n\t\t\t\t<div class=\"elementor-element elementor-element-2a65ca8 elementor-widget elementor-widget-text-editor\" data-id=\"2a65ca8\" data-element_type=\"widget\" data-widget_type=\"text-editor.default\">\n\t\t\t\t\t\t\t\t\t<p class=\"p1\">Vive apaixonada pelo que faz, escuta com aten\u00e7\u00e3o e entrega-se com rigor.<\/p><p class=\"p1\">N\u00e3o lidera s\u00f3 um evento \u2014 dirige uma performance onde o cliente \u00e9 o protagonista e tudo o resto est\u00e1 em cena para servir esse ideal. N\u00e3o h\u00e1 espa\u00e7o para falhas \u2013 apenas emo\u00e7\u00e3o, eleg\u00e2ncia e significado. <\/p><p class=\"p1\">A sensibilidade para a import\u00e2ncia estrutural e sofistica\u00e7\u00e3o intemporal dos momentos protocolares, a capacidade de antecipar necessidades e resolver desafios com graciosidade, e a convic\u00e7\u00e3o de que alma e divers\u00e3o (e cocktails incr\u00edveis) s\u00e3o os pilares de uma grande festa, encontram o equil\u00edbrio perfeito na sua abordagem.<\/p><p class=\"p1\">O seu compromisso com a excel\u00eancia reflete-se nos parceiros que escolhe, nas decis\u00f5es que toma e nas conex\u00f5es sinceras e duradouras que cria com os seus clientes.<\/p><p><span class=\"txt-bold\">Lucyana Sposito trabalha com os melhores, para servir os melhores.<\/span><\/p>\t\t\t\t\t\t\t\t<\/div>\n\t\t\t\t<div class=\"elementor-element elementor-element-cb64ce1 elementor-widget elementor-widget-text-editor\" data-id=\"cb64ce1\" data-element_type=\"widget\" data-widget_type=\"text-editor.default\">\n\t\t\t\t\t\t\t\t\t<p class=\"p1\">Lucyana tem um percurso multicultural e internacional, vivido entre pa\u00edses e culturas diferentes. Licenciada em Rela\u00e7\u00f5es Internacionais, iniciou a sua carreira na empresa de eventos da fam\u00edlia. Os casamentos foram um <i>coup de coeur<\/i> imediato \u2013 a adrenalina, responsabilidade, servi\u00e7o, aten\u00e7\u00e3o ao detalhe e amor formam uma qu\u00edmica irresist\u00edvel para a sua personalidade apaixonada e dedicada \u00e0 excel\u00eancia.  <\/p><p class=\"p1\">Viaja com frequ\u00eancia para conhecer novas culturas, viver experi\u00eancias emocionantes e alimentar a criatividade. \u00c9 apaixonada por cocktails de autor e alta cozinha, raz\u00e3o pela qual o servi\u00e7o de bar e catering de excep\u00e7\u00e3o s\u00e3o <i>de rigueur<\/i> nos seus eventos. <\/p>\t\t\t\t\t\t\t\t<\/div>\n\t\t\t\t<\/div>\n\t\t\t\t<div class=\"elementor-element elementor-element-4563e7e elementor-widget elementor-widget-button\" data-id=\"4563e7e\" data-element_type=\"widget\" data-widget_type=\"button.default\">\n\t\t\t\t\t\t\t\t\t\t<a class=\"elementor-button elementor-button-link elementor-size-sm\" href=\"https:\/\/lucyanasposito.com\/pt-pt\/contacto\/\">\n\t\t\t\t\t\t<span class=\"elementor-button-content-wrapper\">\n\t\t\t\t\t\t<span class=\"elementor-button-icon\">\n\t\t\t\t<svg xmlns=\"http:\/\/www.w3.org\/2000\/svg\" width=\"7\" height=\"6\" viewBox=\"0 0 7 6\" fill=\"none\"><circle cx=\"3.5\" cy=\"3\" r=\"3\" fill=\"#924A21\"><\/circle><\/svg>\t\t\t<\/span>\n\t\t\t\t\t\t\t\t\t<span class=\"elementor-button-text\">Contratar os meus servi\u00e7os<\/span>\n\t\t\t\t\t<\/span>\n\t\t\t\t\t<\/a>\n\t\t\t\t\t\t\t\t<\/div>\n\t\t\t\t<\/div>\n\t\t\t\t<\/div>\n\t\t<div class=\"elementor-element elementor-element-408fba2 e-con-full e-flex e-con e-child\" data-id=\"408fba2\" data-element_type=\"container\" data-settings=\"{&quot;sticky&quot;:&quot;top&quot;,&quot;sticky_parent&quot;:&quot;yes&quot;,&quot;sticky_on&quot;:[&quot;desktop&quot;,&quot;tablet&quot;,&quot;mobile&quot;],&quot;sticky_offset&quot;:0,&quot;sticky_effects_offset&quot;:0,&quot;sticky_anchor_link_offset&quot;:0}\">\n\t\t\t\t<div class=\"elementor-element elementor-element-a46a8f4 elementor-widget elementor-widget-image\" data-id=\"a46a8f4\" data-element_type=\"widget\" data-widget_type=\"image.default\">\n\t\t\t\t\t\t\t\t\t\t\t\t\t\t\t<img fetchpriority=\"high\" decoding=\"async\" width=\"692\" height=\"1024\" src=\"https:\/\/lucyanasposito.com\/wp-content\/uploads\/2025\/08\/Lucyana-Sposito-por-Inga-Freitas-Photographer_2-692x1024.jpg\" class=\"attachment-large size-large wp-image-1028\" alt=\"\" srcset=\"https:\/\/lucyanasposito.com\/wp-content\/uploads\/2025\/08\/Lucyana-Sposito-por-Inga-Freitas-Photographer_2-692x1024.jpg 692w, https:\/\/lucyanasposito.com\/wp-content\/uploads\/2025\/08\/Lucyana-Sposito-por-Inga-Freitas-Photographer_2-203x300.jpg 203w, https:\/\/lucyanasposito.com\/wp-content\/uploads\/2025\/08\/Lucyana-Sposito-por-Inga-Freitas-Photographer_2-768x1137.jpg 768w, https:\/\/lucyanasposito.com\/wp-content\/uploads\/2025\/08\/Lucyana-Sposito-por-Inga-Freitas-Photographer_2-1038x1536.jpg 1038w, https:\/\/lucyanasposito.com\/wp-content\/uploads\/2025\/08\/Lucyana-Sposito-por-Inga-Freitas-Photographer_2.jpg 1081w\" sizes=\"(max-width: 692px) 100vw, 692px\" \/>\t\t\t\t\t\t\t\t\t\t\t\t\t\t\t<\/div>\n\t\t\t\t<\/div>\n\t\t\t\t<\/div>\n\t\t<div class=\"elementor-element elementor-element-07f0274 e-flex e-con-boxed e-con e-parent\" data-id=\"07f0274\" data-element_type=\"container\">\n\t\t\t\t\t<div class=\"e-con-inner\">\n\t\t\t\t<div class=\"elementor-element elementor-element-fe3d6d9 elementor-widget elementor-widget-heading\" data-id=\"fe3d6d9\" data-element_type=\"widget\" data-widget_type=\"heading.default\">\n\t\t\t\t\t<h2 class=\"elementor-heading-title elementor-size-default\">Filosofia<\/h2>\t\t\t\t<\/div>\n\t\t<div class=\"elementor-element elementor-element-87ea949 e-con-full e-flex e-con e-child\" data-id=\"87ea949\" data-element_type=\"container\">\n\t\t<div class=\"elementor-element elementor-element-13caead e-con-full e-flex e-con e-child\" data-id=\"13caead\" data-element_type=\"container\">\n\t\t<div class=\"elementor-element elementor-element-0151132 e-con-full e-flex e-con e-child\" data-id=\"0151132\" data-element_type=\"container\">\n\t\t<div class=\"elementor-element elementor-element-bb6e874 e-con-full fitwidth e-flex e-con e-child\" data-id=\"bb6e874\" data-element_type=\"container\">\n\t\t\t\t<div class=\"elementor-element elementor-element-95258e4 elementor-view-default elementor-widget elementor-widget-icon\" data-id=\"95258e4\" data-element_type=\"widget\" data-widget_type=\"icon.default\">\n\t\t\t\t\t\t\t<div class=\"elementor-icon-wrapper\">\n\t\t\t<div class=\"elementor-icon\">\n\t\t\t<svg xmlns=\"http:\/\/www.w3.org\/2000\/svg\" width=\"7\" height=\"6\" viewBox=\"0 0 7 6\" fill=\"none\"><circle cx=\"3.5\" cy=\"3\" r=\"3\" fill=\"#924A21\"><\/circle><\/svg>\t\t\t<\/div>\n\t\t<\/div>\n\t\t\t\t\t\t<\/div>\n\t\t\t\t<div class=\"elementor-element elementor-element-ea66a78 elementor-widget elementor-widget-heading\" data-id=\"ea66a78\" data-element_type=\"widget\" data-widget_type=\"heading.default\">\n\t\t\t\t\t<h2 class=\"elementor-heading-title elementor-size-default\">Autenticidade\n<\/h2>\t\t\t\t<\/div>\n\t\t\t\t<\/div>\n\t\t\t\t<div class=\"elementor-element elementor-element-822abd0 elementor-widget elementor-widget-text-editor\" data-id=\"822abd0\" data-element_type=\"widget\" data-widget_type=\"text-editor.default\">\n\t\t\t\t\t\t\t\t\t<p class=\"p1\">Para criar algo verdadeiramente excepcional, acredito que \u00e9 necess\u00e1ria autenticidade, respeito e uma paix\u00e3o inabal\u00e1vel.<\/p>\t\t\t\t\t\t\t\t<\/div>\n\t\t\t\t<\/div>\n\t\t<div class=\"elementor-element elementor-element-aa58f4d e-con-full e-flex e-con e-child\" data-id=\"aa58f4d\" data-element_type=\"container\">\n\t\t<div class=\"elementor-element elementor-element-3add879 e-con-full fitwidth e-flex e-con e-child\" data-id=\"3add879\" data-element_type=\"container\">\n\t\t\t\t<div class=\"elementor-element elementor-element-a38f486 elementor-view-default elementor-widget elementor-widget-icon\" data-id=\"a38f486\" data-element_type=\"widget\" data-widget_type=\"icon.default\">\n\t\t\t\t\t\t\t<div class=\"elementor-icon-wrapper\">\n\t\t\t<div class=\"elementor-icon\">\n\t\t\t<svg xmlns=\"http:\/\/www.w3.org\/2000\/svg\" width=\"7\" height=\"6\" viewBox=\"0 0 7 6\" fill=\"none\"><circle cx=\"3.5\" cy=\"3\" r=\"3\" fill=\"#924A21\"><\/circle><\/svg>\t\t\t<\/div>\n\t\t<\/div>\n\t\t\t\t\t\t<\/div>\n\t\t\t\t<div class=\"elementor-element elementor-element-eec39ae elementor-widget elementor-widget-heading\" data-id=\"eec39ae\" data-element_type=\"widget\" data-widget_type=\"heading.default\">\n\t\t\t\t\t<h2 class=\"elementor-heading-title elementor-size-default\">Conex\u00e3o\n<\/h2>\t\t\t\t<\/div>\n\t\t\t\t<\/div>\n\t\t\t\t<div class=\"elementor-element elementor-element-0a81a88 elementor-widget elementor-widget-text-editor\" data-id=\"0a81a88\" data-element_type=\"widget\" data-widget_type=\"text-editor.default\">\n\t\t\t\t\t\t\t\t\t<p class=\"p1\">O meu foco est\u00e1 exclusivamente nas necessidades, aspira\u00e7\u00f5es e vis\u00e3o do cliente: \u00e9 a sua hist\u00f3ria que inspira cada escolha.<\/p>\t\t\t\t\t\t\t\t<\/div>\n\t\t\t\t<\/div>\n\t\t\t\t<\/div>\n\t\t<div class=\"elementor-element elementor-element-a7b1bda e-con-full e-flex e-con e-child\" data-id=\"a7b1bda\" data-element_type=\"container\">\n\t\t\t\t<div class=\"elementor-element elementor-element-a7c8c40 elementor-widget elementor-widget-image\" data-id=\"a7c8c40\" data-element_type=\"widget\" data-widget_type=\"image.default\">\n\t\t\t\t\t\t\t\t\t\t\t\t\t\t\t<img decoding=\"async\" width=\"450\" height=\"675\" src=\"https:\/\/lucyanasposito.com\/wp-content\/uploads\/2025\/08\/Lucyana-Sposito-Planner-of-Excellence.webp\" class=\"attachment-large size-large wp-image-1029\" alt=\"\" srcset=\"https:\/\/lucyanasposito.com\/wp-content\/uploads\/2025\/08\/Lucyana-Sposito-Planner-of-Excellence.webp 450w, https:\/\/lucyanasposito.com\/wp-content\/uploads\/2025\/08\/Lucyana-Sposito-Planner-of-Excellence-200x300.webp 200w\" sizes=\"(max-width: 450px) 100vw, 450px\" \/>\t\t\t\t\t\t\t\t\t\t\t\t\t\t\t<\/div>\n\t\t\t\t<\/div>\n\t\t<div class=\"elementor-element elementor-element-b590a82 e-con-full e-flex e-con e-child\" data-id=\"b590a82\" data-element_type=\"container\">\n\t\t<div class=\"elementor-element elementor-element-168f281 e-con-full e-flex e-con e-child\" data-id=\"168f281\" data-element_type=\"container\">\n\t\t<div class=\"elementor-element elementor-element-3f44873 e-con-full fitwidth e-flex e-con e-child\" data-id=\"3f44873\" data-element_type=\"container\">\n\t\t\t\t<div class=\"elementor-element elementor-element-4f0ba2c elementor-view-default elementor-widget elementor-widget-icon\" data-id=\"4f0ba2c\" data-element_type=\"widget\" data-widget_type=\"icon.default\">\n\t\t\t\t\t\t\t<div class=\"elementor-icon-wrapper\">\n\t\t\t<div class=\"elementor-icon\">\n\t\t\t<svg xmlns=\"http:\/\/www.w3.org\/2000\/svg\" width=\"7\" height=\"6\" viewBox=\"0 0 7 6\" fill=\"none\"><circle cx=\"3.5\" cy=\"3\" r=\"3\" fill=\"#924A21\"><\/circle><\/svg>\t\t\t<\/div>\n\t\t<\/div>\n\t\t\t\t\t\t<\/div>\n\t\t\t\t<div class=\"elementor-element elementor-element-577b564 elementor-widget elementor-widget-heading\" data-id=\"577b564\" data-element_type=\"widget\" data-widget_type=\"heading.default\">\n\t\t\t\t\t<h2 class=\"elementor-heading-title elementor-size-default\">Fiabilidade\n<\/h2>\t\t\t\t<\/div>\n\t\t\t\t<\/div>\n\t\t\t\t<div class=\"elementor-element elementor-element-a40d6b7 elementor-widget elementor-widget-text-editor\" data-id=\"a40d6b7\" data-element_type=\"widget\" data-widget_type=\"text-editor.default\">\n\t\t\t\t\t\t\t\t\t<p class=\"p1\">Selecciono parceiros pela sua integridade, discri\u00e7\u00e3o e talento &#8211; e que est\u00e3o genuinamente comprometidos com a felicidade do cliente.<\/p>\t\t\t\t\t\t\t\t<\/div>\n\t\t\t\t<\/div>\n\t\t<div class=\"elementor-element elementor-element-ac2618b e-con-full e-flex e-con e-child\" data-id=\"ac2618b\" data-element_type=\"container\">\n\t\t<div class=\"elementor-element elementor-element-84d8851 e-con-full fitwidth e-flex e-con e-child\" data-id=\"84d8851\" data-element_type=\"container\">\n\t\t\t\t<div class=\"elementor-element elementor-element-dec409e elementor-view-default elementor-widget elementor-widget-icon\" data-id=\"dec409e\" data-element_type=\"widget\" data-widget_type=\"icon.default\">\n\t\t\t\t\t\t\t<div class=\"elementor-icon-wrapper\">\n\t\t\t<div class=\"elementor-icon\">\n\t\t\t<svg xmlns=\"http:\/\/www.w3.org\/2000\/svg\" width=\"7\" height=\"6\" viewBox=\"0 0 7 6\" fill=\"none\"><circle cx=\"3.5\" cy=\"3\" r=\"3\" fill=\"#924A21\"><\/circle><\/svg>\t\t\t<\/div>\n\t\t<\/div>\n\t\t\t\t\t\t<\/div>\n\t\t\t\t<div class=\"elementor-element elementor-element-d6a5211 elementor-widget elementor-widget-heading\" data-id=\"d6a5211\" data-element_type=\"widget\" data-widget_type=\"heading.default\">\n\t\t\t\t\t<h2 class=\"elementor-heading-title elementor-size-default\">Excel\u00eancia\n<\/h2>\t\t\t\t<\/div>\n\t\t\t\t<\/div>\n\t\t\t\t<div class=\"elementor-element elementor-element-362a6ec elementor-widget elementor-widget-text-editor\" data-id=\"362a6ec\" data-element_type=\"widget\" data-widget_type=\"text-editor.default\">\n\t\t\t\t\t\t\t\t\t<p class=\"p1\">A busca pelo extraordin\u00e1rio \u00e9 uma constante na minha vis\u00e3o: localiza\u00e7\u00f5es excepcionais, conceitos inovadores e talento arrebatador.<\/p>\t\t\t\t\t\t\t\t<\/div>\n\t\t\t\t<\/div>\n\t\t\t\t<\/div>\n\t\t\t\t<\/div>\n\t\t\t\t\t<\/div>\n\t\t\t\t<\/div>\n\t\t<div class=\"elementor-element elementor-element-510f885 e-flex e-con-boxed e-con e-parent\" data-id=\"510f885\" data-element_type=\"container\">\n\t\t\t\t\t<div class=\"e-con-inner\">\n\t\t<div class=\"elementor-element elementor-element-c0c923a e-con-full e-flex e-con e-child\" data-id=\"c0c923a\" data-element_type=\"container\" data-settings=\"{&quot;sticky&quot;:&quot;top&quot;,&quot;sticky_parent&quot;:&quot;yes&quot;,&quot;sticky_on&quot;:[&quot;desktop&quot;,&quot;tablet&quot;],&quot;sticky_offset&quot;:0,&quot;sticky_effects_offset&quot;:0,&quot;sticky_anchor_link_offset&quot;:0}\">\n\t\t\t\t<div class=\"elementor-element elementor-element-d9f2009 elementor-widget elementor-widget-image\" data-id=\"d9f2009\" data-element_type=\"widget\" data-widget_type=\"image.default\">\n\t\t\t\t\t\t\t\t\t\t\t\t\t\t\t<img decoding=\"async\" width=\"800\" height=\"1199\" src=\"https:\/\/lucyanasposito.com\/wp-content\/uploads\/2025\/08\/Lucyana-Sposito-Planner-of-Excellence_Destination-Wedding-in-Portugal_Momento-Cativo-Photography-1.webp\" class=\"attachment-full size-full wp-image-1030\" alt=\"\" srcset=\"https:\/\/lucyanasposito.com\/wp-content\/uploads\/2025\/08\/Lucyana-Sposito-Planner-of-Excellence_Destination-Wedding-in-Portugal_Momento-Cativo-Photography-1.webp 800w, https:\/\/lucyanasposito.com\/wp-content\/uploads\/2025\/08\/Lucyana-Sposito-Planner-of-Excellence_Destination-Wedding-in-Portugal_Momento-Cativo-Photography-1-200x300.webp 200w, https:\/\/lucyanasposito.com\/wp-content\/uploads\/2025\/08\/Lucyana-Sposito-Planner-of-Excellence_Destination-Wedding-in-Portugal_Momento-Cativo-Photography-1-683x1024.webp 683w, https:\/\/lucyanasposito.com\/wp-content\/uploads\/2025\/08\/Lucyana-Sposito-Planner-of-Excellence_Destination-Wedding-in-Portugal_Momento-Cativo-Photography-1-768x1151.webp 768w\" sizes=\"(max-width: 800px) 100vw, 800px\" \/>\t\t\t\t\t\t\t\t\t\t\t\t\t\t\t<\/div>\n\t\t\t\t<\/div>\n\t\t<div class=\"elementor-element elementor-element-42e71eb e-con-full e-flex e-con e-child\" data-id=\"42e71eb\" data-element_type=\"container\">\n\t\t<div class=\"elementor-element elementor-element-5b690d8 e-con-full e-flex e-con e-child\" data-id=\"5b690d8\" data-element_type=\"container\">\n\t\t\t\t<div class=\"elementor-element elementor-element-400984e elementor-widget elementor-widget-heading\" data-id=\"400984e\" data-element_type=\"widget\" data-widget_type=\"heading.default\">\n\t\t\t\t\t<h2 class=\"elementor-heading-title elementor-size-default\">O meu compromisso\n<\/h2>\t\t\t\t<\/div>\n\t\t\t\t<\/div>\n\t\t<div class=\"elementor-element elementor-element-799a64a e-con-full e-flex e-con e-child\" data-id=\"799a64a\" data-element_type=\"container\">\n\t\t\t\t<div class=\"elementor-element elementor-element-38a8300 elementor-widget elementor-widget-text-editor\" data-id=\"38a8300\" data-element_type=\"widget\" data-widget_type=\"text-editor.default\">\n\t\t\t\t\t\t\t\t\t<p><span data-contrast=\"none\">A verdadeira excel\u00eancia nasce quando compet\u00eancia t\u00e9cnica e sensibilidade emocional caminham lado a lado.<\/span><span data-ccp-props=\"{\"201341983\":0,\"335559739\":0,\"335559740\":360}\"> <\/span><\/p><p><span data-contrast=\"none\">A perfei\u00e7\u00e3o n\u00e3o \u00e9 uma aspira\u00e7\u00e3o \u2013 \u00e9 parte integrante. E \u00e9 o que me comprometo a entregar, sem concess\u00f5es. <\/span><span data-ccp-props=\"{\"201341983\":0,\"335559739\":0,\"335559740\":360}\"> <\/span><\/p><p><span data-contrast=\"none\">A experi\u00eancia e intui\u00e7\u00e3o permitem-me compreender profundamente os vossos desejos. A minha disponibilidade \u00e9 real, respeita o vosso ritmo e rotina, independentemente do fuso hor\u00e1rio ou da dist\u00e2ncia geogr\u00e1fica que nos separa. <\/span><span data-ccp-props=\"{\"201341983\":0,\"335559739\":0,\"335559740\":360}\"> <\/span><\/p><p><span data-contrast=\"none\">Focada na vossa vis\u00e3o, promovo uma orienta\u00e7\u00e3o clara e transpar\u00eancia sincera para cada tomada de decis\u00e3o e etapa do planeamento, criando um contexto de confian\u00e7a e serenidade &#8211; para que no vosso dia se sintam tranquilos, leves e intencionalmente presentes, rodeados de amor e emo\u00e7\u00e3o. Nada mais. <\/span><span data-ccp-props=\"{\"201341983\":0,\"335559739\":0,\"335559740\":360}\"> <\/span><\/p>\t\t\t\t\t\t\t\t<\/div>\n\t\t\t\t<div class=\"elementor-element elementor-element-83256f8 elementor-widget elementor-widget-text-editor\" data-id=\"83256f8\" data-element_type=\"widget\" data-widget_type=\"text-editor.default\">\n\t\t\t\t\t\t\t\t\t<p class=\"p1\">N\u00e3o ofere\u00e7o apenas o meu tempo \u2013 ofere\u00e7o o meu cora\u00e7\u00e3o. N\u00e3o busco apenas beleza \u2013 procuro significado. N\u00e3o vejo apenas clientes \u2013 reconhe\u00e7o casais com hist\u00f3rias \u00fanicas que merecem uma celebra\u00e7\u00e3o \u00e0 altura dos seus sonhos.  <\/p>\t\t\t\t\t\t\t\t<\/div>\n\t\t\t\t<div class=\"elementor-element elementor-element-574a482 elementor-widget elementor-widget-text-editor\" data-id=\"574a482\" data-element_type=\"widget\" data-widget_type=\"text-editor.default\">\n\t\t\t\t\t\t\t\t\t<p class=\"p1\">Aceito um n\u00famero de clientes restrito para garantir dedica\u00e7\u00e3o completa a cada casal e presto exclusivamente servi\u00e7os de planeamento integral, com dedica\u00e7\u00e3o total.<\/p><p class=\"p1\">Cada pedido \u00e9 tratado com m\u00e1xima discri\u00e7\u00e3o e total confidencialidade.<\/p><p class=\"p1\">Nenhuma exig\u00eancia \u00e9 demasiado ambiciosa, e juntos criaremos algo verdadeiramente extraordin\u00e1rio.<\/p>\t\t\t\t\t\t\t\t<\/div>\n\t\t\t\t<\/div>\n\t\t\t\t<div class=\"elementor-element elementor-element-e1f660b elementor-widget elementor-widget-button\" data-id=\"e1f660b\" data-element_type=\"widget\" data-widget_type=\"button.default\">\n\t\t\t\t\t\t\t\t\t\t<a class=\"elementor-button elementor-button-link elementor-size-sm\" href=\"https:\/\/lucyanasposito.com\/pt-pt\/contacto\/\">\n\t\t\t\t\t\t<span class=\"elementor-button-content-wrapper\">\n\t\t\t\t\t\t<span class=\"elementor-button-icon\">\n\t\t\t\t<svg xmlns=\"http:\/\/www.w3.org\/2000\/svg\" width=\"7\" height=\"6\" viewBox=\"0 0 7 6\" fill=\"none\"><circle cx=\"3.5\" cy=\"3\" r=\"3\" fill=\"#924A21\"><\/circle><\/svg>\t\t\t<\/span>\n\t\t\t\t\t\t\t\t\t<span class=\"elementor-button-text\"> Vamos planear<\/span>\n\t\t\t\t\t<\/span>\n\t\t\t\t\t<\/a>\n\t\t\t\t\t\t\t\t<\/div>\n\t\t\t\t<\/div>\n\t\t\t\t\t<\/div>\n\t\t\t\t<\/div>\n\t\t\t\t<\/div>\n\t\t","protected":false},"excerpt":{"rendered":"<p>Planner apaixonada. Maestrina de momentos irrepreens\u00edveis. Lucyana Sposito Uma sinfonia \u00e9 composta por v\u00e1rios elementos excepcionais: pessoas, instrumentos e uma melodia. Mas o que os conduz a um lugar de perfei\u00e7\u00e3o sonora e invis\u00edvel \u00e9 o maestro. N\u00e3o sabemos o que est\u00e1 a acontecer, mas sabemos o que estamos a sentir. Lucyana Sposito \u00e9 a [&hellip;]<\/p>\n","protected":false},"author":1,"featured_media":0,"parent":0,"menu_order":0,"comment_status":"closed","ping_status":"closed","template":"","meta":{"_acf_changed":false,"footnotes":""},"class_list":["post-1031","page","type-page","status-publish","hentry"],"acf":[],"_links":{"self":[{"href":"https:\/\/lucyanasposito.com\/pt-pt\/wp-json\/wp\/v2\/pages\/1031","targetHints":{"allow":["GET"]}}],"collection":[{"href":"https:\/\/lucyanasposito.com\/pt-pt\/wp-json\/wp\/v2\/pages"}],"about":[{"href":"https:\/\/lucyanasposito.com\/pt-pt\/wp-json\/wp\/v2\/types\/page"}],"author":[{"embeddable":true,"href":"https:\/\/lucyanasposito.com\/pt-pt\/wp-json\/wp\/v2\/users\/1"}],"replies":[{"embeddable":true,"href":"https:\/\/lucyanasposito.com\/pt-pt\/wp-json\/wp\/v2\/comments?post=1031"}],"version-history":[{"count":8,"href":"https:\/\/lucyanasposito.com\/pt-pt\/wp-json\/wp\/v2\/pages\/1031\/revisions"}],"predecessor-version":[{"id":1834,"href":"https:\/\/lucyanasposito.com\/pt-pt\/wp-json\/wp\/v2\/pages\/1031\/revisions\/1834"}],"wp:attachment":[{"href":"https:\/\/lucyanasposito.com\/pt-pt\/wp-json\/wp\/v2\/media?parent=1031"}],"curies":[{"name":"wp","href":"https:\/\/api.w.org\/{rel}","templated":true}]}}