{"id":1038,"date":"2025-08-26T15:36:27","date_gmt":"2025-08-26T15:36:27","guid":{"rendered":"https:\/\/lucyanasposito.com\/experiencia\/"},"modified":"2025-10-30T16:18:32","modified_gmt":"2025-10-30T16:18:32","slug":"experiencia","status":"publish","type":"page","link":"https:\/\/lucyanasposito.com\/pt-pt\/experiencia\/","title":{"rendered":"Experi\u00eancia"},"content":{"rendered":"\t\t<div data-elementor-type=\"wp-page\" data-elementor-id=\"1038\" class=\"elementor elementor-1038 elementor-290\" data-elementor-post-type=\"page\">\n\t\t\t\t<div class=\"elementor-element elementor-element-5a90ac8 e-con-full e-flex e-con e-parent\" data-id=\"5a90ac8\" data-element_type=\"container\">\n\t\t<div class=\"elementor-element elementor-element-773e1d2 e-con-full e-flex e-con e-child\" data-id=\"773e1d2\" data-element_type=\"container\" data-settings=\"{&quot;sticky&quot;:&quot;top&quot;,&quot;sticky_parent&quot;:&quot;yes&quot;,&quot;sticky_on&quot;:[&quot;desktop&quot;,&quot;tablet&quot;],&quot;sticky_offset&quot;:0,&quot;sticky_effects_offset&quot;:0,&quot;sticky_anchor_link_offset&quot;:0}\">\n\t\t\t\t<div class=\"elementor-element elementor-element-bfcf5e4 elementor-widget elementor-widget-image\" data-id=\"bfcf5e4\" data-element_type=\"widget\" data-widget_type=\"image.default\">\n\t\t\t\t\t\t\t\t\t\t\t\t\t\t\t<img fetchpriority=\"high\" decoding=\"async\" width=\"683\" height=\"1024\" src=\"https:\/\/lucyanasposito.com\/wp-content\/uploads\/2025\/08\/Lucyana-Sposito-Planner-of-Excelence_Destination-Wedding-in-Portugal_4-683x1024.webp\" class=\"attachment-large size-large wp-image-1033\" alt=\"\" srcset=\"https:\/\/lucyanasposito.com\/wp-content\/uploads\/2025\/08\/Lucyana-Sposito-Planner-of-Excelence_Destination-Wedding-in-Portugal_4-683x1024.webp 683w, https:\/\/lucyanasposito.com\/wp-content\/uploads\/2025\/08\/Lucyana-Sposito-Planner-of-Excelence_Destination-Wedding-in-Portugal_4-200x300.webp 200w, https:\/\/lucyanasposito.com\/wp-content\/uploads\/2025\/08\/Lucyana-Sposito-Planner-of-Excelence_Destination-Wedding-in-Portugal_4-768x1152.webp 768w, https:\/\/lucyanasposito.com\/wp-content\/uploads\/2025\/08\/Lucyana-Sposito-Planner-of-Excelence_Destination-Wedding-in-Portugal_4.webp 800w\" sizes=\"(max-width: 683px) 100vw, 683px\" \/>\t\t\t\t\t\t\t\t\t\t\t\t\t\t\t<\/div>\n\t\t\t\t<\/div>\n\t\t<div class=\"elementor-element elementor-element-e8266d3 e-con-full e-flex e-con e-child\" data-id=\"e8266d3\" data-element_type=\"container\">\n\t\t<div class=\"elementor-element elementor-element-6d5f0fb e-con-full e-flex e-con e-child\" data-id=\"6d5f0fb\" data-element_type=\"container\">\n\t\t<div class=\"elementor-element elementor-element-08c4831 e-con-full e-flex e-con e-child\" data-id=\"08c4831\" data-element_type=\"container\">\n\t\t\t\t<div class=\"elementor-element elementor-element-206f808 elementor-widget elementor-widget-heading\" data-id=\"206f808\" data-element_type=\"widget\" data-widget_type=\"heading.default\">\n\t\t\t\t\t<p class=\"elementor-heading-title elementor-size-default\">Planeamento Integral de Casamentos e Eventos de excel\u00eancia <\/p>\t\t\t\t<\/div>\n\t\t\t\t<div class=\"elementor-element elementor-element-8b40494 elementor-widget elementor-widget-heading\" data-id=\"8b40494\" data-element_type=\"widget\" data-widget_type=\"heading.default\">\n\t\t\t\t\t<h2 class=\"elementor-heading-title elementor-size-default\">Tranquilidade emocional.<\/br> Execu\u00e7\u00e3o extraordin\u00e1ria.<\/br> Eleg\u00e2ncia intemporal. <\/h2>\t\t\t\t<\/div>\n\t\t\t\t<\/div>\n\t\t<div class=\"elementor-element elementor-element-12e2ab7 e-con-full e-flex e-con e-child\" data-id=\"12e2ab7\" data-element_type=\"container\">\n\t\t\t\t<div class=\"elementor-element elementor-element-aa1c2a6 elementor-widget elementor-widget-text-editor\" data-id=\"aa1c2a6\" data-element_type=\"widget\" data-widget_type=\"text-editor.default\">\n\t\t\t\t\t\t\t\t\t<p><span class=\"txt-bold\">Quando o mundo vos pertence, esperam perfei\u00e7\u00e3o. E com raz\u00e3o.<\/span><\/p><p>Mas a verdadeira excel\u00eancia acontece quando h\u00e1 confian\u00e7a absoluta, uma entrega irrepreens\u00edvel e espa\u00e7o para simplesmente estar.<\/p><p>\u00c9 nesse instante que o tempo abranda \u2014 e tudo se alinha com eleg\u00e2ncia, emo\u00e7\u00e3o e presen\u00e7a intencional.<\/p><p>Este servi\u00e7o foi desenhado para garantir que cada fase do planeamento \u2014 da primeira conversa ao \u00faltimo abra\u00e7o \u2014 \u00e9 flu\u00edda, segura e emocionante.<\/p><p>Planear \u00e0 dist\u00e2ncia \u00e9 uma experi\u00eancia poss\u00edvel, tranquila e tamb\u00e9m extraordin\u00e1ria.<\/p>\t\t\t\t\t\t\t\t<\/div>\n\t\t\t\t<div class=\"elementor-element elementor-element-7a0bfd9 elementor-widget elementor-widget-text-editor\" data-id=\"7a0bfd9\" data-element_type=\"widget\" data-widget_type=\"text-editor.default\">\n\t\t\t\t\t\t\t\t\t<p><span class=\"txt-bold\">Lucyana Sposito \u00e9 planner especialista em Casamentos de destino e Eventos de celebra\u00e7\u00e3o multicultural para casais sofisticados e clientes exigentes.<\/span><\/p><p><span data-contrast=\"none\">Faz planeamento integral com uma abordagem refinada, discreta e sem fric\u00e7\u00e3o.<\/span><span data-ccp-props=\"{\"201341983\":0,\"335559739\":0,\"335559740\":360}\"> <\/span><\/p><p><span data-contrast=\"none\">Trabalha com um n\u00famero intencionalmente limitado de clientes por ano, porque a excel\u00eancia exige tempo, aten\u00e7\u00e3o total e presen\u00e7a verdadeira.<\/span><span data-ccp-props=\"{\"201341983\":0,\"335559739\":0,\"335559740\":360}\"> <\/span><\/p><p><span data-contrast=\"none\">Cada pedido \u00e9 tratado com m\u00e1xima discri\u00e7\u00e3o e total confidencialidade.<\/span><span data-ccp-props=\"{\"201341983\":0,\"335559739\":0,\"335559740\":360}\"> <\/span><\/p>\t\t\t\t\t\t\t\t<\/div>\n\t\t\t\t<div class=\"elementor-element elementor-element-4e96bcf elementor-widget elementor-widget-text-editor\" data-id=\"4e96bcf\" data-element_type=\"widget\" data-widget_type=\"text-editor.default\">\n\t\t\t\t\t\t\t\t\t<p><span class=\"txt-bold\">Aten\u00e7\u00e3o verdadeira, cuidado absoluto <\/span><\/p><p><span data-contrast=\"none\">Cada celebra\u00e7\u00e3o planeada por Lucyana Sposito \u00e9 guiada pela aten\u00e7\u00e3o dedicada, presen\u00e7a constante e um cuidado genu\u00edno com cada detalhe.<\/span><span data-ccp-props=\"{\"201341983\":0,\"335559739\":0,\"335559740\":360}\"> <\/span><\/p><p><span data-contrast=\"none\">O vosso tempo, o vosso ritmo e as vossas necessidades s\u00e3o respeitados \u2014 onde quer que estejam no mundo \u2014 assegurando um acompanhamento sereno, discreto e cont\u00ednuo.<\/span><span data-ccp-props=\"{\"201341983\":0,\"335559739\":0,\"335559740\":360}\"> <\/span><\/p><p><span data-contrast=\"none\">Com expertise comprovada e uma escuta atenta, traduz quem s\u00e3o numa experi\u00eancia elegante e refinada, conduzida com flu\u00eancia, precis\u00e3o e confian\u00e7a desde o primeiro instante.<\/span><span data-ccp-props=\"{\"201341983\":0,\"335559739\":0,\"335559740\":360}\"> <\/span><\/p>\t\t\t\t\t\t\t\t<\/div>\n\t\t\t\t<\/div>\n\t\t\t\t<div class=\"elementor-element elementor-element-e90af2e elementor-widget elementor-widget-button\" data-id=\"e90af2e\" data-element_type=\"widget\" data-widget_type=\"button.default\">\n\t\t\t\t\t\t\t\t\t\t<a class=\"elementor-button elementor-button-link elementor-size-sm\" href=\"https:\/\/lucyanasposito.com\/pt-pt\/testemunhos\/\">\n\t\t\t\t\t\t<span class=\"elementor-button-content-wrapper\">\n\t\t\t\t\t\t<span class=\"elementor-button-icon\">\n\t\t\t\t<svg xmlns=\"http:\/\/www.w3.org\/2000\/svg\" width=\"7\" height=\"6\" viewBox=\"0 0 7 6\" fill=\"none\"><circle cx=\"3.5\" cy=\"3\" r=\"3\" fill=\"#924A21\"><\/circle><\/svg>\t\t\t<\/span>\n\t\t\t\t\t\t\t\t\t<span class=\"elementor-button-text\">O que dizem os outros casais<\/span>\n\t\t\t\t\t<\/span>\n\t\t\t\t\t<\/a>\n\t\t\t\t\t\t\t\t<\/div>\n\t\t\t\t<\/div>\n\t\t\t\t<\/div>\n\t\t\t\t<\/div>\n\t\t<div class=\"elementor-element elementor-element-bc4f623 e-con-full e-flex e-con e-parent\" data-id=\"bc4f623\" data-element_type=\"container\">\n\t\t<div class=\"elementor-element elementor-element-c0c7fe9 e-con-full e-flex e-con e-child\" data-id=\"c0c7fe9\" data-element_type=\"container\">\n\t\t<div class=\"elementor-element elementor-element-54dbb00 e-con-full e-flex e-con e-child\" data-id=\"54dbb00\" data-element_type=\"container\">\n\t\t<div class=\"elementor-element elementor-element-50cb4c4 e-con-full e-flex e-con e-child\" data-id=\"50cb4c4\" data-element_type=\"container\">\n\t\t\t\t<div class=\"elementor-element elementor-element-7de8951 elementor-widget elementor-widget-text-editor\" data-id=\"7de8951\" data-element_type=\"widget\" data-widget_type=\"text-editor.default\">\n\t\t\t\t\t\t\t\t\t<p><span class=\"txt-bold\">Presen\u00e7a reconfortante, orienta\u00e7\u00e3o inequ\u00edvoca <\/span><\/p><p><span data-contrast=\"none\">Lucyana Sposito est\u00e1 ao vosso lado com presen\u00e7a atenta, comunica\u00e7\u00e3o clara e um compromisso inabal\u00e1vel com a vossa tranquilidade.<\/span><span data-ccp-props=\"{\"201341983\":0,\"335559739\":0,\"335559740\":360}\"> <\/span><\/p><p><span data-contrast=\"none\">Responde com prontid\u00e3o e cuidado, oferecendo solu\u00e7\u00f5es precisas e ponderadas \u2014 com a confian\u00e7a tranquila de quem conhece profundamente cada passo do caminho.<\/span><span data-ccp-props=\"{\"201341983\":0,\"335559739\":0,\"335559740\":360}\"> <\/span><\/p><p><span data-contrast=\"none\">E vai guiar-vos com transpar\u00eancia, assegurando que as decis\u00f5es, grandes e pequenas, s\u00e3o tomadas com certeza e entusiasmo.<\/span><span data-ccp-props=\"{\"201341983\":0,\"335559739\":0,\"335559740\":360}\"> <\/span><\/p>\t\t\t\t\t\t\t\t<\/div>\n\t\t\t\t<div class=\"elementor-element elementor-element-05be5f2 elementor-widget elementor-widget-text-editor\" data-id=\"05be5f2\" data-element_type=\"widget\" data-widget_type=\"text-editor.default\">\n\t\t\t\t\t\t\t\t\t<p><span class=\"txt-bold\">Est\u00e9tica intencional, curadoria de excel\u00eancia<\/span><\/p><p><span data-contrast=\"none\">Conceitos visuais que captam a vossa ess\u00eancia e traduzem sonhos em realidade emocionante ganham forma.<\/span><span data-ccp-props=\"{\"201341983\":0,\"335559739\":0,\"335559740\":360}\"> <\/span><\/p><p><span data-contrast=\"none\">Sofistica\u00e7\u00e3o, sensibilidade cultural e autenticidade s\u00e3o os ingredientes-chave de cada proposta, pensada para elevar a vossa vis\u00e3o com eleg\u00e2ncia e harmonia.<\/span><span data-ccp-props=\"{\"201341983\":0,\"335559739\":0,\"335559740\":360}\"> <\/span><\/p><p><span data-contrast=\"none\">Comigo na execu\u00e7\u00e3o, est\u00e3o os melhores parceiros criativos, cuja excel\u00eancia t\u00e9cnica \u00e9 igualada pela sua sensibilidade, inova\u00e7\u00e3o e fiabilidade.<\/span><span data-ccp-props=\"{\"201341983\":0,\"335559739\":0,\"335559740\":360}\"> <\/span><\/p>\t\t\t\t\t\t\t\t<\/div>\n\t\t\t\t<div class=\"elementor-element elementor-element-347bdc0 elementor-widget elementor-widget-text-editor\" data-id=\"347bdc0\" data-element_type=\"widget\" data-widget_type=\"text-editor.default\">\n\t\t\t\t\t\t\t\t\t<p><span class=\"txt-bold\">Execu\u00e7\u00e3o impec\u00e1vel, lideran\u00e7a assertiva<\/span><\/p><p><span data-contrast=\"none\">A verdadeira excel\u00eancia revela-se na forma como cada detalhe \u00e9 executado \u2014 com precis\u00e3o t\u00e9cnica, discri\u00e7\u00e3o e total compromisso com o resultado.<\/span><span data-ccp-props=\"{\"201341983\":0,\"335559739\":0,\"335559740\":360}\"> <\/span><\/p><p><span data-contrast=\"none\">Lucyana Sposito lidera de forma firme e tranquila, coordenando o planeamento com rigor e a garantia que cada elemento contribui para a harmonia do todo.<\/span><span data-ccp-props=\"{\"201341983\":0,\"335559739\":0,\"335559740\":360}\"> <\/span><\/p><p><span data-contrast=\"none\">Criatividade, flexibilidade estrat\u00e9gica e integridade fazem parte do seu processo, que respeita a estrutura or\u00e7amental com transpar\u00eancia e responsabilidade. Tudo flui, nada acontece por acaso. <\/span><span data-ccp-props=\"{\"201341983\":0,\"335559739\":0,\"335559740\":360}\"> <\/span><\/p>\t\t\t\t\t\t\t\t<\/div>\n\t\t\t\t<div class=\"elementor-element elementor-element-5bc9a30 elementor-widget elementor-widget-text-editor\" data-id=\"5bc9a30\" data-element_type=\"widget\" data-widget_type=\"text-editor.default\">\n\t\t\t\t\t\t\t\t\t<p><span class=\"txt-bold\">Conhecimento global, sabedoria local<\/span><\/p><p><span data-contrast=\"none\">Com vis\u00e3o global e uma sensibilidade cultural refinada, Lucyana Sposito compreende as nuances que tornam cada celebra\u00e7\u00e3o verdadeiramente singular.<\/span><span data-ccp-props=\"{\"201341983\":0,\"335559739\":0,\"335559740\":360}\"> <\/span><\/p><p><span data-contrast=\"none\">Planeando com conhecimento e respeito pela diversidade de tradi\u00e7\u00f5es e cren\u00e7as de cada casal, honra a sua identidade. Integra elementos culturais, religiosos e simb\u00f3licos no contexto local, com um equil\u00edbrio natural, emocionante e sofisticado.<\/span><span data-ccp-props=\"{\"201341983\":0,\"335559739\":0,\"335559740\":360}\"> <\/span><\/p><p><span data-contrast=\"none\">Mais do que um evento de destino, cria uma viv\u00eancia local genu\u00edna, acolhedora e inesquec\u00edvel.<\/span><span data-ccp-props=\"{\"201341983\":0,\"335559739\":0,\"335559740\":360}\"> <\/span><\/p>\t\t\t\t\t\t\t\t<\/div>\n\t\t\t\t<\/div>\n\t\t\t\t<div class=\"elementor-element elementor-element-4da30d7 elementor-widget elementor-widget-button\" data-id=\"4da30d7\" data-element_type=\"widget\" data-widget_type=\"button.default\">\n\t\t\t\t\t\t\t\t\t\t<a class=\"elementor-button elementor-button-link elementor-size-sm\" href=\"https:\/\/lucyanasposito.com\/pt-pt\/galeria\/\">\n\t\t\t\t\t\t<span class=\"elementor-button-content-wrapper\">\n\t\t\t\t\t\t<span class=\"elementor-button-icon\">\n\t\t\t\t<svg xmlns=\"http:\/\/www.w3.org\/2000\/svg\" width=\"7\" height=\"6\" viewBox=\"0 0 7 6\" fill=\"none\"><circle cx=\"3.5\" cy=\"3\" r=\"3\" fill=\"#924A21\"><\/circle><\/svg>\t\t\t<\/span>\n\t\t\t\t\t\t\t\t\t<span class=\"elementor-button-text\">Inspirem-se na nossa galeria<\/span>\n\t\t\t\t\t<\/span>\n\t\t\t\t\t<\/a>\n\t\t\t\t\t\t\t\t<\/div>\n\t\t\t\t<\/div>\n\t\t\t\t<\/div>\n\t\t<div class=\"elementor-element elementor-element-1eb662d e-con-full e-flex e-con e-child\" data-id=\"1eb662d\" data-element_type=\"container\" data-settings=\"{&quot;sticky&quot;:&quot;top&quot;,&quot;sticky_parent&quot;:&quot;yes&quot;,&quot;sticky_on&quot;:[&quot;desktop&quot;,&quot;tablet&quot;,&quot;mobile&quot;],&quot;sticky_offset&quot;:0,&quot;sticky_effects_offset&quot;:0,&quot;sticky_anchor_link_offset&quot;:0}\">\n\t\t\t\t<div class=\"elementor-element elementor-element-910b186 elementor-widget elementor-widget-image\" data-id=\"910b186\" data-element_type=\"widget\" data-widget_type=\"image.default\">\n\t\t\t\t\t\t\t\t\t\t\t\t\t\t\t<img decoding=\"async\" width=\"683\" height=\"1024\" src=\"https:\/\/lucyanasposito.com\/wp-content\/uploads\/2025\/08\/Lucyana-Sposito-Planner-of-Excelence_Indian-Destination-Wedding-in-Portugal_The-House-On-the-Clouds_2-683x1024.webp\" class=\"attachment-large size-large wp-image-1034\" alt=\"\" srcset=\"https:\/\/lucyanasposito.com\/wp-content\/uploads\/2025\/08\/Lucyana-Sposito-Planner-of-Excelence_Indian-Destination-Wedding-in-Portugal_The-House-On-the-Clouds_2-683x1024.webp 683w, https:\/\/lucyanasposito.com\/wp-content\/uploads\/2025\/08\/Lucyana-Sposito-Planner-of-Excelence_Indian-Destination-Wedding-in-Portugal_The-House-On-the-Clouds_2-200x300.webp 200w, https:\/\/lucyanasposito.com\/wp-content\/uploads\/2025\/08\/Lucyana-Sposito-Planner-of-Excelence_Indian-Destination-Wedding-in-Portugal_The-House-On-the-Clouds_2-768x1152.webp 768w, https:\/\/lucyanasposito.com\/wp-content\/uploads\/2025\/08\/Lucyana-Sposito-Planner-of-Excelence_Indian-Destination-Wedding-in-Portugal_The-House-On-the-Clouds_2.webp 800w\" sizes=\"(max-width: 683px) 100vw, 683px\" \/>\t\t\t\t\t\t\t\t\t\t\t\t\t\t\t<\/div>\n\t\t\t\t<\/div>\n\t\t\t\t<\/div>\n\t\t<div class=\"elementor-element elementor-element-777338b e-con-full e-flex e-con e-parent\" data-id=\"777338b\" data-element_type=\"container\">\n\t\t<div class=\"elementor-element elementor-element-c786cf8 e-con-full e-flex e-con e-child\" data-id=\"c786cf8\" data-element_type=\"container\">\n\t\t\t\t<div class=\"elementor-element elementor-element-eb9b06a elementor-widget elementor-widget-image\" data-id=\"eb9b06a\" data-element_type=\"widget\" data-widget_type=\"image.default\">\n\t\t\t\t\t\t\t\t\t\t\t\t\t\t\t<img decoding=\"async\" width=\"640\" height=\"953\" src=\"https:\/\/lucyanasposito.com\/wp-content\/uploads\/2025\/08\/Lucyana-Sposito-Planner-of-Excelence_Destination-Wedding-in-Portugal_5.webp\" class=\"attachment-large size-large wp-image-1035\" alt=\"\" srcset=\"https:\/\/lucyanasposito.com\/wp-content\/uploads\/2025\/08\/Lucyana-Sposito-Planner-of-Excelence_Destination-Wedding-in-Portugal_5.webp 640w, https:\/\/lucyanasposito.com\/wp-content\/uploads\/2025\/08\/Lucyana-Sposito-Planner-of-Excelence_Destination-Wedding-in-Portugal_5-201x300.webp 201w\" sizes=\"(max-width: 640px) 100vw, 640px\" \/>\t\t\t\t\t\t\t\t\t\t\t\t\t\t\t<\/div>\n\t\t\t\t<\/div>\n\t\t<div class=\"elementor-element elementor-element-c9c669c e-con-full e-flex e-con e-child\" data-id=\"c9c669c\" data-element_type=\"container\">\n\t\t\t\t<div class=\"elementor-element elementor-element-50d4cc5 elementor-widget elementor-widget-heading\" data-id=\"50d4cc5\" data-element_type=\"widget\" data-widget_type=\"heading.default\">\n\t\t\t\t\t<h2 class=\"elementor-heading-title elementor-size-default\">Come\u00e7amos a criar o vosso dia perfeito? <\/h2>\t\t\t\t<\/div>\n\t\t\t\t<div class=\"elementor-element elementor-element-897eb2a elementor-widget elementor-widget-button\" data-id=\"897eb2a\" data-element_type=\"widget\" data-widget_type=\"button.default\">\n\t\t\t\t\t\t\t\t\t\t<a class=\"elementor-button elementor-button-link elementor-size-sm\" href=\"https:\/\/lucyanasposito.com\/pt-pt\/contacto\/\">\n\t\t\t\t\t\t<span class=\"elementor-button-content-wrapper\">\n\t\t\t\t\t\t<span class=\"elementor-button-icon\">\n\t\t\t\t<svg xmlns=\"http:\/\/www.w3.org\/2000\/svg\" width=\"7\" height=\"6\" viewBox=\"0 0 7 6\" fill=\"none\"><circle cx=\"3.5\" cy=\"3\" r=\"3\" fill=\"#924A21\"><\/circle><\/svg>\t\t\t<\/span>\n\t\t\t\t\t\t\t\t\t<span class=\"elementor-button-text\">Contactar Lucyana Sposito<\/span>\n\t\t\t\t\t<\/span>\n\t\t\t\t\t<\/a>\n\t\t\t\t\t\t\t\t<\/div>\n\t\t\t\t<\/div>\n\t\t<div class=\"elementor-element elementor-element-03643ce e-con-full e-flex e-con e-child\" data-id=\"03643ce\" data-element_type=\"container\">\n\t\t\t\t<div class=\"elementor-element elementor-element-b75b64b elementor-widget elementor-widget-image\" data-id=\"b75b64b\" data-element_type=\"widget\" data-widget_type=\"image.default\">\n\t\t\t\t\t\t\t\t\t\t\t\t\t\t\t<img loading=\"lazy\" decoding=\"async\" width=\"640\" height=\"959\" src=\"https:\/\/lucyanasposito.com\/wp-content\/uploads\/2025\/08\/Lucyana-Sposito-Planner-of-Excelence_Indian-Destination-Wedding-in-Portugal_The-House-On-the-Clouds_3.webp\" class=\"attachment-large size-large wp-image-1036\" alt=\"\" srcset=\"https:\/\/lucyanasposito.com\/wp-content\/uploads\/2025\/08\/Lucyana-Sposito-Planner-of-Excelence_Indian-Destination-Wedding-in-Portugal_The-House-On-the-Clouds_3.webp 640w, https:\/\/lucyanasposito.com\/wp-content\/uploads\/2025\/08\/Lucyana-Sposito-Planner-of-Excelence_Indian-Destination-Wedding-in-Portugal_The-House-On-the-Clouds_3-200x300.webp 200w\" sizes=\"(max-width: 640px) 100vw, 640px\" \/>\t\t\t\t\t\t\t\t\t\t\t\t\t\t\t<\/div>\n\t\t\t\t<\/div>\n\t\t\t\t<\/div>\n\t\t\t\t<\/div>\n\t\t","protected":false},"excerpt":{"rendered":"<p>Planeamento Integral de Casamentos e Eventos de excel\u00eancia Tranquilidade emocional. Execu\u00e7\u00e3o extraordin\u00e1ria. Eleg\u00e2ncia intemporal. Quando o mundo vos pertence, esperam perfei\u00e7\u00e3o. E com raz\u00e3o. Mas a verdadeira excel\u00eancia acontece quando h\u00e1 confian\u00e7a absoluta, uma entrega irrepreens\u00edvel e espa\u00e7o para simplesmente estar. \u00c9 nesse instante que o tempo abranda \u2014 e tudo se alinha com eleg\u00e2ncia, [&hellip;]<\/p>\n","protected":false},"author":1,"featured_media":0,"parent":0,"menu_order":0,"comment_status":"closed","ping_status":"closed","template":"","meta":{"_acf_changed":false,"footnotes":""},"class_list":["post-1038","page","type-page","status-publish","hentry"],"acf":[],"_links":{"self":[{"href":"https:\/\/lucyanasposito.com\/pt-pt\/wp-json\/wp\/v2\/pages\/1038","targetHints":{"allow":["GET"]}}],"collection":[{"href":"https:\/\/lucyanasposito.com\/pt-pt\/wp-json\/wp\/v2\/pages"}],"about":[{"href":"https:\/\/lucyanasposito.com\/pt-pt\/wp-json\/wp\/v2\/types\/page"}],"author":[{"embeddable":true,"href":"https:\/\/lucyanasposito.com\/pt-pt\/wp-json\/wp\/v2\/users\/1"}],"replies":[{"embeddable":true,"href":"https:\/\/lucyanasposito.com\/pt-pt\/wp-json\/wp\/v2\/comments?post=1038"}],"version-history":[{"count":6,"href":"https:\/\/lucyanasposito.com\/pt-pt\/wp-json\/wp\/v2\/pages\/1038\/revisions"}],"predecessor-version":[{"id":1753,"href":"https:\/\/lucyanasposito.com\/pt-pt\/wp-json\/wp\/v2\/pages\/1038\/revisions\/1753"}],"wp:attachment":[{"href":"https:\/\/lucyanasposito.com\/pt-pt\/wp-json\/wp\/v2\/media?parent=1038"}],"curies":[{"name":"wp","href":"https:\/\/api.w.org\/{rel}","templated":true}]}}