{"id":1326,"date":"2025-10-08T10:43:30","date_gmt":"2025-10-08T10:43:30","guid":{"rendered":"https:\/\/lucyanasposito.com\/termos-de-utilizacao\/"},"modified":"2025-11-07T12:28:48","modified_gmt":"2025-11-07T12:28:48","slug":"termos-de-utilizacao","status":"publish","type":"page","link":"https:\/\/lucyanasposito.com\/pt-pt\/termos-de-utilizacao\/","title":{"rendered":"Termos de Utiliza\u00e7\u00e3o"},"content":{"rendered":"\t\t<div data-elementor-type=\"wp-page\" data-elementor-id=\"1326\" class=\"elementor elementor-1326 elementor-1117\" data-elementor-post-type=\"page\">\n\t\t\t\t<div class=\"elementor-element elementor-element-06e9b3c e-flex e-con-boxed e-con e-parent\" data-id=\"06e9b3c\" data-element_type=\"container\">\n\t\t\t\t\t<div class=\"e-con-inner\">\n\t\t\t\t<div class=\"elementor-element elementor-element-7290070 elementor-widget elementor-widget-heading\" data-id=\"7290070\" data-element_type=\"widget\" data-widget_type=\"heading.default\">\n\t\t\t\t\t<h2 class=\"elementor-heading-title elementor-size-default\">Termos de Utiliza\u00e7\u00e3o<\/h2>\t\t\t\t<\/div>\n\t\t<div class=\"elementor-element elementor-element-7e2f561 e-con-full e-flex e-con e-child\" data-id=\"7e2f561\" data-element_type=\"container\">\n\t\t\t\t<div class=\"elementor-element elementor-element-7730a4f elementor-widget elementor-widget-heading\" data-id=\"7730a4f\" data-element_type=\"widget\" data-widget_type=\"heading.default\">\n\t\t\t\t\t<h2 class=\"elementor-heading-title elementor-size-default\">1. PROPRIEDADE DO SITE<\/h2>\t\t\t\t<\/div>\n\t\t\t\t<div class=\"elementor-element elementor-element-e51f95d elementor-widget elementor-widget-text-editor\" data-id=\"e51f95d\" data-element_type=\"widget\" data-widget_type=\"text-editor.default\">\n\t\t\t\t\t\t\t\t\t<p class=\"p1\">O Site lucyanasposito.com foi criado, pertence e \u00e9 operado pela empresa LSposito Unipessoal, Lda<\/p><p class=\"p1\">(Lucyana Sposito), com sede em <span data-olk-copy-source=\"MessageBody\">Taguspark, Av. Prof. Dr. Cavaco Silva, N\u00facleo Central, Salas 345\/347, 2740-122 Porto Salvo <\/span>, e NIF: 515577910.<\/p>\t\t\t\t\t\t\t\t<\/div>\n\t\t\t\t<\/div>\n\t\t<div class=\"elementor-element elementor-element-3db5f45 e-con-full e-flex e-con e-child\" data-id=\"3db5f45\" data-element_type=\"container\">\n\t\t\t\t<div class=\"elementor-element elementor-element-0513e59 elementor-widget elementor-widget-heading\" data-id=\"0513e59\" data-element_type=\"widget\" data-widget_type=\"heading.default\">\n\t\t\t\t\t<h2 class=\"elementor-heading-title elementor-size-default\">2. INFORMA\u00c7\u00c3O DISPON\u00cdVEL NO SITE<\/h2>\t\t\t\t<\/div>\n\t\t\t\t<div class=\"elementor-element elementor-element-f2cf499 elementor-widget elementor-widget-text-editor\" data-id=\"f2cf499\" data-element_type=\"widget\" data-widget_type=\"text-editor.default\">\n\t\t\t\t\t\t\t\t\t<p class=\"p1\">O Site Lucyana Sposito \u00e9 um site de apresenta\u00e7\u00e3o dos servi\u00e7os da empresa LSposito Unipessoal, Lda.<\/p><p class=\"p1\">O Site cont\u00e9m uma cuidadosa sele\u00e7\u00e3o de conte\u00fados produzidos e editados pela equipa da Lucyana Sposito, com o objetivo de apresentar a empresa, divulgar os seus contactos e servi\u00e7os de planeamento de eventos de excel\u00eancia, e informar os visitantes sobre as v\u00e1rias op\u00e7\u00f5es que poder\u00e3o contratar. <\/p>\t\t\t\t\t\t\t\t<\/div>\n\t\t\t\t<\/div>\n\t\t<div class=\"elementor-element elementor-element-50363ae e-con-full e-flex e-con e-child\" data-id=\"50363ae\" data-element_type=\"container\">\n\t\t\t\t<div class=\"elementor-element elementor-element-0051358 elementor-widget elementor-widget-heading\" data-id=\"0051358\" data-element_type=\"widget\" data-widget_type=\"heading.default\">\n\t\t\t\t\t<h2 class=\"elementor-heading-title elementor-size-default\">3. ACESSO E UTILIZA\u00c7\u00c3O DO SITE<\/h2>\t\t\t\t<\/div>\n\t\t\t\t<div class=\"elementor-element elementor-element-9e8c259 elementor-widget elementor-widget-text-editor\" data-id=\"9e8c259\" data-element_type=\"widget\" data-widget_type=\"text-editor.default\">\n\t\t\t\t\t\t\t\t\t<p class=\"p1\">O acesso ao Site \u00e9 livre, universal e gratuito, podendo o Utilizador navegar pelos conte\u00fados sem necessidade de registo. <\/p><p class=\"p1\">Quando utiliza o Site, o Utilizador compromete-se a cumprir as leis aplic\u00e1veis, abstendo-se de o utilizar para atividades contr\u00e1rias \u00e0 lei, \u00e0 moral e bons costumes, a direitos e interesses de terceiros. <\/p><p class=\"p1\">O Utilizador pode estabelecer contacto com a Lucyana Sposito, atrav\u00e9s n\u00famero de telefone e e-mail indicados, e preenchendo o formul\u00e1rio de contacto com o seu nome, e-mail e a mensagem que pretende transmitir. Essa correspond\u00eancia \u00e9 estabelecida diretamente entre o Utilizador e a Lucyana Sposito.  <\/p><p class=\"p1\">A Lucyana Sposito tem o direito exclusivo de, a todo o tempo, suspender, parcial ou totalmente, o acesso ao Site, em especial nas opera\u00e7\u00f5es de gest\u00e3o, manuten\u00e7\u00e3o, repara\u00e7\u00e3o, altera\u00e7\u00e3o ou moderniza\u00e7\u00e3o e de encerrar o Site, definitiva ou temporariamente, parcial ou totalmente, a qualquer momento, sem aviso pr\u00e9vio e sem que seja devida qualquer compensa\u00e7\u00e3o, a qualquer t\u00edtulo, ao Utilizador. <\/p><p class=\"p1\">Em caso de utiliza\u00e7\u00e3o abusiva do Site ou de desrespeito de qualquer disposi\u00e7\u00e3o prevista nos presentes Termos de Utiliza\u00e7\u00e3o ou na legisla\u00e7\u00e3o aplic\u00e1vel, a Lucyana Sposito reserva-se o direito de suspender ou impedir o acesso do Utilizador ao Site e de promover as medidas legais adequadas.<\/p>\t\t\t\t\t\t\t\t<\/div>\n\t\t\t\t<\/div>\n\t\t<div class=\"elementor-element elementor-element-a749d07 e-con-full e-flex e-con e-child\" data-id=\"a749d07\" data-element_type=\"container\">\n\t\t\t\t<div class=\"elementor-element elementor-element-e3d017b elementor-widget elementor-widget-heading\" data-id=\"e3d017b\" data-element_type=\"widget\" data-widget_type=\"heading.default\">\n\t\t\t\t\t<h2 class=\"elementor-heading-title elementor-size-default\">4. PRIVACIDADE<\/h2>\t\t\t\t<\/div>\n\t\t\t\t<div class=\"elementor-element elementor-element-5e643a3 elementor-widget elementor-widget-text-editor\" data-id=\"5e643a3\" data-element_type=\"widget\" data-widget_type=\"text-editor.default\">\n\t\t\t\t\t\t\t\t\t<p class=\"p1\">O acesso e navega\u00e7\u00e3o no Site n\u00e3o exige a disponibiliza\u00e7\u00e3o de dados pessoais pelo Utilizador. No entanto, existem funcionalidades, como o envio de mensagens atrav\u00e9s do formul\u00e1rio de contacto que requerem que o Utilizador faculte alguns dados pessoais, como o nome, endere\u00e7o de e-mail e contacto telef\u00f3nico. Esses dados ser\u00e3o tratados de acordo com as regras definidas na nossa <a href=\"https:\/\/lucyanasposito.com\/pt-pt\/politica-de-privacidade\/\">POL\u00cdTICA DE PRIVACIDADE.<\/a>  <\/p>\t\t\t\t\t\t\t\t<\/div>\n\t\t\t\t<\/div>\n\t\t<div class=\"elementor-element elementor-element-bd48060 e-con-full e-flex e-con e-child\" data-id=\"bd48060\" data-element_type=\"container\">\n\t\t\t\t<div class=\"elementor-element elementor-element-8ec184d elementor-widget elementor-widget-heading\" data-id=\"8ec184d\" data-element_type=\"widget\" data-widget_type=\"heading.default\">\n\t\t\t\t\t<h2 class=\"elementor-heading-title elementor-size-default\">5. PROPRIEDADE INTELECTUAL<\/h2>\t\t\t\t<\/div>\n\t\t\t\t<div class=\"elementor-element elementor-element-46d998e elementor-widget elementor-widget-text-editor\" data-id=\"46d998e\" data-element_type=\"widget\" data-widget_type=\"text-editor.default\">\n\t\t\t\t\t\t\t\t\t<p class=\"p1\">O Utilizador reconhece que os conte\u00fados deste Site est\u00e3o protegidos por direitos de propriedade intelectual, ao abrigo das leis portuguesas e da Uni\u00e3o Europeia, e obriga-se a respeitar esses direitos. <\/p><p class=\"p1\">Todos os conte\u00fados do Site, incluindo textos, imagens, som, anima\u00e7\u00e3o e outros elementos gr\u00e1ficos, como marcas, log\u00f3tipos e s\u00edmbolos, bem como a disposi\u00e7\u00e3o e a estrutura do Site s\u00e3o propriedade intelectual ou foram devidamente licenciados a favor da Lucyana Sposito, n\u00e3o podendo ser utilizados fora das condi\u00e7\u00f5es de uso livre permitidas por lei sem a autoriza\u00e7\u00e3o pr\u00e9via e escrita da Lucyana Sposito.  <\/p><p class=\"p1\">Os pedidos de autoriza\u00e7\u00e3o para a utiliza\u00e7\u00e3o dos conte\u00fados do Site devem ser enviados para o e-mail <a href=\"mailto:info@lucyanasposito.com\"><span class=\"s1\">info@lucyanasposito.com<\/span><\/a>.<\/p>\t\t\t\t\t\t\t\t<\/div>\n\t\t\t\t<\/div>\n\t\t<div class=\"elementor-element elementor-element-8e5f4a8 e-con-full e-flex e-con e-child\" data-id=\"8e5f4a8\" data-element_type=\"container\">\n\t\t\t\t<div class=\"elementor-element elementor-element-04a9ef9 elementor-widget elementor-widget-heading\" data-id=\"04a9ef9\" data-element_type=\"widget\" data-widget_type=\"heading.default\">\n\t\t\t\t\t<h2 class=\"elementor-heading-title elementor-size-default\">6. RESPONSABILIDADE<\/h2>\t\t\t\t<\/div>\n\t\t\t\t<div class=\"elementor-element elementor-element-0a04ed0 elementor-widget elementor-widget-text-editor\" data-id=\"0a04ed0\" data-element_type=\"widget\" data-widget_type=\"text-editor.default\">\n\t\t\t\t\t\t\t\t\t<p class=\"p1\">As informa\u00e7\u00f5es apresentadas no Site foram cuidadosamente verificadas antes de serem publicadas. No entanto, n\u00e3o \u00e9 de excluir a possibilidade de conterem erros ou imprecis\u00f5es, pelo que o Utilizador dever\u00e1 consider\u00e1-las meramente indicativas.  <\/p><p class=\"p1\">A Lucyana Sposito n\u00e3o ser\u00e1 respons\u00e1vel por erros nos conte\u00fados publicados, por irregularidades ou falhas no funcionamento do Site ou por quaisquer danos que resultem da utiliza\u00e7\u00e3o indevida ou da impossibilidade de utiliza\u00e7\u00e3o do Site.<\/p>\t\t\t\t\t\t\t\t<\/div>\n\t\t\t\t<\/div>\n\t\t<div class=\"elementor-element elementor-element-f7a83ff e-con-full e-flex e-con e-child\" data-id=\"f7a83ff\" data-element_type=\"container\">\n\t\t\t\t<div class=\"elementor-element elementor-element-ac865aa elementor-widget elementor-widget-heading\" data-id=\"ac865aa\" data-element_type=\"widget\" data-widget_type=\"heading.default\">\n\t\t\t\t\t<h2 class=\"elementor-heading-title elementor-size-default\">7. LIGA\u00c7\u00d5ES A P\u00c1GINAS DE TERCEIROS<\/h2>\t\t\t\t<\/div>\n\t\t\t\t<div class=\"elementor-element elementor-element-4eb3742 elementor-widget elementor-widget-text-editor\" data-id=\"4eb3742\" data-element_type=\"widget\" data-widget_type=\"text-editor.default\">\n\t\t\t\t\t\t\t\t\t<p class=\"p1\">O Site poder\u00e1 disponibilizar liga\u00e7\u00f5es para p\u00e1ginas de outras entidades. Essas p\u00e1ginas n\u00e3o pertencem, nem s\u00e3o controladas pela Lucyana Sposito, pelo que a Lucyana Sposito n\u00e3o assume qualquer responsabilidade pelo conte\u00fado ou pelas pr\u00e1ticas de privacidade dessas p\u00e1ginas ou das p\u00e1ginas com elas ligadas ou referidas. Quando utilizar as liga\u00e7\u00f5es disponibilizadas para aceder a p\u00e1ginas externas, o Utilizador dever\u00e1 consultar as pol\u00edticas de privacidade das entidades respons\u00e1veis por esses sites, bem como os termos de utiliza\u00e7\u00e3o desses sites.  <\/p>\t\t\t\t\t\t\t\t<\/div>\n\t\t\t\t<\/div>\n\t\t<div class=\"elementor-element elementor-element-1f17eb4 e-con-full e-flex e-con e-child\" data-id=\"1f17eb4\" data-element_type=\"container\">\n\t\t\t\t<div class=\"elementor-element elementor-element-1401d2c elementor-widget elementor-widget-heading\" data-id=\"1401d2c\" data-element_type=\"widget\" data-widget_type=\"heading.default\">\n\t\t\t\t\t<h2 class=\"elementor-heading-title elementor-size-default\">8. LEI APLIC\u00c1VEL<\/h2>\t\t\t\t<\/div>\n\t\t\t\t<div class=\"elementor-element elementor-element-0590141 elementor-widget elementor-widget-text-editor\" data-id=\"0590141\" data-element_type=\"widget\" data-widget_type=\"text-editor.default\">\n\t\t\t\t\t\t\t\t\t<p class=\"p1\">Estes Termos de Utiliza\u00e7\u00e3o do Site encontram-se sujeitos \u00e0 lei portuguesa. Para dirimir todas as quest\u00f5es e lit\u00edgios que possam surgir \u00e9 competente em exclusivo o foro da Comarca de Lisboa, com expressa ren\u00fancia a qualquer outro. <\/p>\t\t\t\t\t\t\t\t<\/div>\n\t\t\t\t<\/div>\n\t\t<div class=\"elementor-element elementor-element-c59704e e-con-full e-flex e-con e-child\" data-id=\"c59704e\" data-element_type=\"container\">\n\t\t\t\t<div class=\"elementor-element elementor-element-44ca8e6 elementor-widget elementor-widget-heading\" data-id=\"44ca8e6\" data-element_type=\"widget\" data-widget_type=\"heading.default\">\n\t\t\t\t\t<h2 class=\"elementor-heading-title elementor-size-default\">9. CONTACTO<\/h2>\t\t\t\t<\/div>\n\t\t\t\t<div class=\"elementor-element elementor-element-e7f5eec elementor-widget elementor-widget-text-editor\" data-id=\"e7f5eec\" data-element_type=\"widget\" data-widget_type=\"text-editor.default\">\n\t\t\t\t\t\t\t\t\t<p class=\"p1\">Caso tenha alguma d\u00favida ou reclama\u00e7\u00e3o sobre este Site, o Utilizador poder\u00e1 contactar a Lucyana Sposito atrav\u00e9s do e-mai <a href=\"mailto:info@lucyanasposito.com\"><span class=\"s1\">info@lucyanasposito.com<\/span><\/a><span class=\"Apple-converted-space\"> ou do telefone +351 913 463 431.<\/span><\/p>\t\t\t\t\t\t\t\t<\/div>\n\t\t\t\t<\/div>\n\t\t\t\t\t<\/div>\n\t\t\t\t<\/div>\n\t\t\t\t<\/div>\n\t\t","protected":false},"excerpt":{"rendered":"<p>Termos de Utiliza\u00e7\u00e3o 1. PROPRIEDADE DO SITE O Site lucyanasposito.com foi criado, pertence e \u00e9 operado pela empresa LSposito Unipessoal, Lda (Lucyana Sposito), com sede em Taguspark, Av. Prof. Dr. Cavaco Silva, N\u00facleo Central, Salas 345\/347, 2740-122 Porto Salvo , e NIF: 515577910. 2. INFORMA\u00c7\u00c3O DISPON\u00cdVEL NO SITE O Site Lucyana Sposito \u00e9 um site [&hellip;]<\/p>\n","protected":false},"author":1,"featured_media":0,"parent":0,"menu_order":0,"comment_status":"closed","ping_status":"closed","template":"","meta":{"_acf_changed":false,"footnotes":""},"class_list":["post-1326","page","type-page","status-publish","hentry"],"acf":[],"_links":{"self":[{"href":"https:\/\/lucyanasposito.com\/pt-pt\/wp-json\/wp\/v2\/pages\/1326","targetHints":{"allow":["GET"]}}],"collection":[{"href":"https:\/\/lucyanasposito.com\/pt-pt\/wp-json\/wp\/v2\/pages"}],"about":[{"href":"https:\/\/lucyanasposito.com\/pt-pt\/wp-json\/wp\/v2\/types\/page"}],"author":[{"embeddable":true,"href":"https:\/\/lucyanasposito.com\/pt-pt\/wp-json\/wp\/v2\/users\/1"}],"replies":[{"embeddable":true,"href":"https:\/\/lucyanasposito.com\/pt-pt\/wp-json\/wp\/v2\/comments?post=1326"}],"version-history":[{"count":4,"href":"https:\/\/lucyanasposito.com\/pt-pt\/wp-json\/wp\/v2\/pages\/1326\/revisions"}],"predecessor-version":[{"id":1842,"href":"https:\/\/lucyanasposito.com\/pt-pt\/wp-json\/wp\/v2\/pages\/1326\/revisions\/1842"}],"wp:attachment":[{"href":"https:\/\/lucyanasposito.com\/pt-pt\/wp-json\/wp\/v2\/media?parent=1326"}],"curies":[{"name":"wp","href":"https:\/\/api.w.org\/{rel}","templated":true}]}}